{"id":115,"date":"2018-02-05T18:05:19","date_gmt":"2018-02-05T18:05:19","guid":{"rendered":"http:\/\/team-janus.astrosurf.com\/?page_id=115"},"modified":"2018-08-02T16:24:00","modified_gmt":"2018-08-02T16:24:00","slug":"histoire-du-team-janus","status":"publish","type":"page","link":"http:\/\/team-janus.astrosurf.com\/index.php\/histoire-du-team-janus\/","title":{"rendered":"Histoire du Team Janus"},"content":{"rendered":"<p><strong>Un r\u00e9sum\u00e9 du Team Janus: 2 amis, 2 t\u00e9lescopes, un projet!<\/strong><\/p>\n<p>Au moment des Rencontres du Ciel et de l&rsquo;Espace en novembre 2014, nous avions chacun un t\u00e9lescope de 500mm. Celui de Laurent dans le sud de la France (connu sous le nom de observatoire des Engarouines):<\/p>\n<p><img decoding=\"async\" loading=\"lazy\" src=\"\/Images\/T500Laurent.jpg\" alt=\"\" width=\"580\" height=\"870\" \/><\/p>\n<p>Et le mien dans la r\u00e9gion parisienne:<\/p>\n<p><img decoding=\"async\" loading=\"lazy\" src=\"\/Images\/T520Michel.jpg\" alt=\"\" width=\"580\" height=\"435\" \/><\/p>\n<p>Nous avons d\u00e9cid\u00e9 alors de mutualiser nos deux t\u00e9lescopes, et d&rsquo;installer le mien au Chili. J&rsquo;ai transport\u00e9 le tube au Chili et refait faire une monture \u00e0 fourche l\u00e0-bas. Le t\u00e9lescope a \u00e9t\u00e9 d\u00e9finitivement install\u00e9 et mit en service \u00e0 <span style=\"color: #0000ff;\"><a style=\"color: #0000ff;\" href=\"https:\/\/www.haciendadesetoiles.fr\/\">l&rsquo;Hacienda des \u00c9toiles<\/a><\/span> \u00e0 1500m d&rsquo;altitude en novembre 2017, soit trois ans de travail. Voici une vid\u00e9o de cette installation:<\/p>\n<p><iframe loading=\"lazy\" src=\"https:\/\/player.vimeo.com\/video\/249224523\" width=\"640\" height=\"360\" frameborder=\"0\" allowfullscreen=\"allowfullscreen\"><\/iframe><\/p>\n<p>Le premier janvier est rattach\u00e9 au calendrier Romain et au dieu Janus. Janus est le dieu romain des commencements et des fins, des choix, du passage et des portes. Il est bifrons (\u00ab \u00e0 deux t\u00eates \u00bb) et repr\u00e9sent\u00e9 avec une face tourn\u00e9e vers le pass\u00e9, l&rsquo;autre sur l&rsquo;avenir. Il est f\u00eat\u00e9 le 1er janvier. Son mois, Januarius (\u00ab janvier \u00bb), marque le commencement de la fin de l&rsquo;ann\u00e9e dans le calendrier romain.<\/p>\n<p>Mais c&rsquo;est aussi le symbole que nous avons retenu en cr\u00e9ant le \u00ab\u00a0Janus Team\u00a0\u00bb: 2 amis, 2 t\u00e9lescopes, un projet! Un t\u00e9lescope sur chaque H\u00e9misph\u00e8re, g\u00e9r\u00e9 en commun par mon ami Laurent Bernasconi et moi m\u00eame. Le t\u00e9lescope de Laurent est devenu JANUS NORD, et le mien JANUS SUD.<\/p>\n<p style=\"text-align: right;\"><em>Michel Meunier, 2017<\/em><\/p>\n","protected":false},"excerpt":{"rendered":"<p>Un r\u00e9sum\u00e9 du Team Janus: 2 amis, 2 t\u00e9lescopes, un projet! Au moment des Rencontres du Ciel et de l&rsquo;Espace en novembre 2014, nous avions chacun un t\u00e9lescope de 500mm. Celui de Laurent dans le sud de la France (connu sous le nom de observatoire des Engarouines): Et le mien dans la r\u00e9gion parisienne: Nous &hellip; <\/p>\n<p class=\"link-more\"><a href=\"http:\/\/team-janus.astrosurf.com\/index.php\/histoire-du-team-janus\/\" class=\"more-link\">Continuer la lecture<span class=\"screen-reader-text\"> de &laquo;&nbsp;Histoire du Team Janus&nbsp;&raquo;<\/span><\/a><\/p>\n","protected":false},"author":1,"featured_media":0,"parent":0,"menu_order":0,"comment_status":"closed","ping_status":"closed","template":"","meta":{"footnotes":""},"_links":{"self":[{"href":"http:\/\/team-janus.astrosurf.com\/index.php\/wp-json\/wp\/v2\/pages\/115"}],"collection":[{"href":"http:\/\/team-janus.astrosurf.com\/index.php\/wp-json\/wp\/v2\/pages"}],"about":[{"href":"http:\/\/team-janus.astrosurf.com\/index.php\/wp-json\/wp\/v2\/types\/page"}],"author":[{"embeddable":true,"href":"http:\/\/team-janus.astrosurf.com\/index.php\/wp-json\/wp\/v2\/users\/1"}],"replies":[{"embeddable":true,"href":"http:\/\/team-janus.astrosurf.com\/index.php\/wp-json\/wp\/v2\/comments?post=115"}],"version-history":[{"count":5,"href":"http:\/\/team-janus.astrosurf.com\/index.php\/wp-json\/wp\/v2\/pages\/115\/revisions"}],"predecessor-version":[{"id":199,"href":"http:\/\/team-janus.astrosurf.com\/index.php\/wp-json\/wp\/v2\/pages\/115\/revisions\/199"}],"wp:attachment":[{"href":"http:\/\/team-janus.astrosurf.com\/index.php\/wp-json\/wp\/v2\/media?parent=115"}],"curies":[{"name":"wp","href":"https:\/\/api.w.org\/{rel}","templated":true}]}}